{"id":2123,"date":"2023-08-15T15:47:08","date_gmt":"2023-08-15T13:47:08","guid":{"rendered":"https:\/\/dore-holland.nl\/?post_type=product&#038;p=2123"},"modified":"2023-09-08T14:11:55","modified_gmt":"2023-09-08T12:11:55","slug":"volvo-l-110h-2","status":"publish","type":"product","link":"https:\/\/dore-holland.nl\/en\/product\/volvo-l-110h-2\/","title":{"rendered":"VOLVO L 110H Long Boom"},"content":{"rendered":"<p>Ausstattung:<br \/>\nKlimaanlage incl. Klimaautomatik ACc.<br \/>\nBSS - Hubger\u00fcstd\u00e4mpfung.<br \/>\nVerl\u00e4ngertes Hubger\u00fcst (Long Boom).<br \/>\nBereifung 23.5 R25 Neu.<br \/>\nCDC- Komfort.<br \/>\nEinhebelbedienung incl. 3. Hydraulikkreislauf, langes Hubger\u00fcst.<br \/>\nLED Paket (POWER).<br \/>\nZentralschmieranlage (Volvo) f\u00fcr verl\u00e4ngertes Hubger\u00fcst (Long Boom).<br \/>\nZusatzkontergewicht f\u00fcr Holz- und Industrieeins\u00e4tze. (in Komb. mit 3. Steuerkreis).<br \/>\nHydraulic Schnellwechseleinrichtung (ohne Ger\u00e4teverriegelung).<\/p>","protected":false},"excerpt":{"rendered":"<p>Ausstattung: Klimaanlage incl. Klimaautomatik ACc. BSS - Hubger\u00fcstd\u00e4mpfung. Verl\u00e4ngertes Hubger\u00fcst (Long Boom). Bereifung 23.5 R25 Neu. CDC- Komfort. Einhebelbedienung incl. 3. Hydraulikkreislauf, langes Hubger\u00fcst. LED Paket (POWER). Zentralschmieranlage (Volvo) f\u00fcr verl\u00e4ngertes Hubger\u00fcst (Long Boom). Zusatzkontergewicht f\u00fcr Holz- und Industrieeins\u00e4tze. (in Komb. mit 3. Steuerkreis). Hydraulische Schnellwechseleinrichtung (ohne Ger\u00e4teverriegelung).<\/p>","protected":false},"featured_media":2223,"template":"","meta":{"_acf_changed":false,"inline_featured_image":false},"product_cat":[18,41],"product_tag":[],"class_list":{"0":"post-2123","1":"product","2":"type-product","3":"status-publish","4":"has-post-thumbnail","6":"product_cat-wielladers","7":"product_cat-verkocht","9":"first","10":"instock","11":"shipping-taxable","12":"product-type-simple"},"acf":[],"_links":{"self":[{"href":"https:\/\/dore-holland.nl\/en\/wp-json\/wp\/v2\/product\/2123","targetHints":{"allow":["GET"]}}],"collection":[{"href":"https:\/\/dore-holland.nl\/en\/wp-json\/wp\/v2\/product"}],"about":[{"href":"https:\/\/dore-holland.nl\/en\/wp-json\/wp\/v2\/types\/product"}],"wp:featuredmedia":[{"embeddable":true,"href":"https:\/\/dore-holland.nl\/en\/wp-json\/wp\/v2\/media\/2223"}],"wp:attachment":[{"href":"https:\/\/dore-holland.nl\/en\/wp-json\/wp\/v2\/media?parent=2123"}],"wp:term":[{"taxonomy":"product_cat","embeddable":true,"href":"https:\/\/dore-holland.nl\/en\/wp-json\/wp\/v2\/product_cat?post=2123"},{"taxonomy":"product_tag","embeddable":true,"href":"https:\/\/dore-holland.nl\/en\/wp-json\/wp\/v2\/product_tag?post=2123"}],"curies":[{"name":"wp","href":"https:\/\/api.w.org\/{rel}","templated":true}]}}